{"id":565,"date":"2021-01-03T09:59:22","date_gmt":"2021-01-03T08:59:22","guid":{"rendered":"https:\/\/www.bio-getreide-bayern.de\/shop\/versandarten\/"},"modified":"2025-02-11T10:13:33","modified_gmt":"2025-02-11T09:13:33","slug":"versandarten","status":"publish","type":"page","link":"https:\/\/www.bio-getreide-bayern.de\/shop\/versandarten\/","title":{"rendered":"Versandarten zuverl\u00e4ssig durch DHL ; UPS oder GLS"},"content":{"rendered":"<p>Wir versenden unsere Waren immer in Zusammenarbeit mit unserem Versanddienstleister.<\/p>\r\n<p>Zuschl\u00e4ge f\u00fcr Insellieferung behalten wir uns vor.<\/p>\r\n<p>Die Versandkosten sind abh\u00e4ngig vom Bestellwert wie folgt gestaffelt: siehe Warenkorb<\/p>\r\n<ul>\r\n<li>bei einer Bestellsumme zwischen 0 &#8211; 19 EUR ergeben sich Versandkosten von<\/li>\r\n<li>bei einer Bestellsumme zwischen 20 &#8211; 50 EUR ergeben sich Versandkosten von<\/li>\r\n<li>bei einer Bestellsumme zwischen 51 &#8211; 100 EUR ergeben sich Versandkosten von<\/li>\r\n<li>bei einer Bestellsumme zwischen 101 &#8211; 400 EUR ergeben sich Versandkosten von<\/li>\r\n<\/ul><p>&nbsp;<\/p>","protected":false},"excerpt":{"rendered":"<p>Wir versenden unsere Waren immer in Zusammenarbeit mit unserem Versanddienstleister. Zuschl\u00e4ge f\u00fcr Insellieferung behalten wir uns vor. Die Versandkosten sind abh\u00e4ngig vom Bestellwert wie folgt gestaffelt: siehe Warenkorb bei einer Bestellsumme zwischen 0 &#8211; 19 EUR ergeben sich Versandkosten von bei einer Bestellsumme zwischen 20 &#8211; 50 EUR ergeben sich Versandkosten von bei einer Bestellsumme&hellip; <br \/> <a class=\"read-more\" href=\"https:\/\/www.bio-getreide-bayern.de\/shop\/versandarten\/\">Weiterlesen<\/a><\/p>\n","protected":false},"author":1,"featured_media":0,"parent":0,"menu_order":0,"comment_status":"closed","ping_status":"closed","template":"","meta":{"footnotes":""},"class_list":["post-565","page","type-page","status-publish","hentry"],"yoast_head":"<!-- This site is optimized with the Yoast SEO plugin v23.8 - https:\/\/yoast.com\/wordpress\/plugins\/seo\/ -->\n<title>Versandarten zuverl\u00e4ssig durch DHL ; UPS oder GLS - Biohof Rietzler<\/title>\n<meta name=\"robots\" content=\"noindex, follow\" \/>\n<meta property=\"og:locale\" content=\"de_DE\" \/>\n<meta property=\"og:type\" content=\"article\" \/>\n<meta property=\"og:title\" content=\"Versandarten zuverl\u00e4ssig durch DHL ; UPS oder GLS - Biohof Rietzler\" \/>\n<meta property=\"og:description\" content=\"Wir versenden unsere Waren immer in Zusammenarbeit mit unserem Versanddienstleister. Zuschl\u00e4ge f\u00fcr Insellieferung behalten wir uns vor. Die Versandkosten sind abh\u00e4ngig vom Bestellwert wie folgt gestaffelt: siehe Warenkorb bei einer Bestellsumme zwischen 0 &#8211; 19 EUR ergeben sich Versandkosten von bei einer Bestellsumme zwischen 20 &#8211; 50 EUR ergeben sich Versandkosten von bei einer Bestellsumme&hellip; Weiterlesen\" \/>\n<meta property=\"og:url\" content=\"https:\/\/www.bio-getreide-bayern.de\/shop\/versandarten\/\" \/>\n<meta property=\"og:site_name\" content=\"Biohof Rietzler\" \/>\n<meta property=\"article:publisher\" content=\"https:\/\/www-bio-getreide-bayern.de\" \/>\n<meta property=\"article:modified_time\" content=\"2025-02-11T09:13:33+00:00\" \/>\n<meta name=\"twitter:card\" content=\"summary_large_image\" \/>\n<meta name=\"twitter:label1\" content=\"Gesch\u00e4tzte Lesezeit\" \/>\n\t<meta name=\"twitter:data1\" content=\"1\u00a0Minute\" \/>\n<script type=\"application\/ld+json\" class=\"yoast-schema-graph\">{\"@context\":\"https:\/\/schema.org\",\"@graph\":[{\"@type\":\"WebPage\",\"@id\":\"https:\/\/www.bio-getreide-bayern.de\/shop\/versandarten\/\",\"url\":\"https:\/\/www.bio-getreide-bayern.de\/shop\/versandarten\/\",\"name\":\"Versandarten zuverl\u00e4ssig durch DHL ; UPS oder GLS - Biohof Rietzler\",\"isPartOf\":{\"@id\":\"https:\/\/www.bio-getreide-bayern.de\/shop\/#website\"},\"datePublished\":\"2021-01-03T08:59:22+00:00\",\"dateModified\":\"2025-02-11T09:13:33+00:00\",\"breadcrumb\":{\"@id\":\"https:\/\/www.bio-getreide-bayern.de\/shop\/versandarten\/#breadcrumb\"},\"inLanguage\":\"de\",\"potentialAction\":[{\"@type\":\"ReadAction\",\"target\":[\"https:\/\/www.bio-getreide-bayern.de\/shop\/versandarten\/\"]}]},{\"@type\":\"BreadcrumbList\",\"@id\":\"https:\/\/www.bio-getreide-bayern.de\/shop\/versandarten\/#breadcrumb\",\"itemListElement\":[{\"@type\":\"ListItem\",\"position\":1,\"name\":\"Startseite\",\"item\":\"https:\/\/www.bio-getreide-bayern.de\/shop\/\"},{\"@type\":\"ListItem\",\"position\":2,\"name\":\"Versandarten zuverl\u00e4ssig durch DHL ; UPS oder GLS\"}]},{\"@type\":\"WebSite\",\"@id\":\"https:\/\/www.bio-getreide-bayern.de\/shop\/#website\",\"url\":\"https:\/\/www.bio-getreide-bayern.de\/shop\/\",\"name\":\"www.bio-getreide-bayern.de\",\"description\":\"GETREIDE &amp; KARTOFFELN AUS BAYERN\",\"publisher\":{\"@id\":\"https:\/\/www.bio-getreide-bayern.de\/shop\/#organization\"},\"potentialAction\":[{\"@type\":\"SearchAction\",\"target\":{\"@type\":\"EntryPoint\",\"urlTemplate\":\"https:\/\/www.bio-getreide-bayern.de\/shop\/?s={search_term_string}\"},\"query-input\":{\"@type\":\"PropertyValueSpecification\",\"valueRequired\":true,\"valueName\":\"search_term_string\"}}],\"inLanguage\":\"de\"},{\"@type\":\"Organization\",\"@id\":\"https:\/\/www.bio-getreide-bayern.de\/shop\/#organization\",\"name\":\"Biohof Rietzler\",\"url\":\"https:\/\/www.bio-getreide-bayern.de\/shop\/\",\"logo\":{\"@type\":\"ImageObject\",\"inLanguage\":\"de\",\"@id\":\"https:\/\/www.bio-getreide-bayern.de\/shop\/#\/schema\/logo\/image\/\",\"url\":\"https:\/\/www.bio-getreide-bayern.de\/shop\/wp-content\/uploads\/2020\/12\/Biohof-Rietzler-Getreide-und-Kartoffeln-Wappen-Favicon-150x150-1.png\",\"contentUrl\":\"https:\/\/www.bio-getreide-bayern.de\/shop\/wp-content\/uploads\/2020\/12\/Biohof-Rietzler-Getreide-und-Kartoffeln-Wappen-Favicon-150x150-1.png\",\"width\":150,\"height\":150,\"caption\":\"Biohof Rietzler\"},\"image\":{\"@id\":\"https:\/\/www.bio-getreide-bayern.de\/shop\/#\/schema\/logo\/image\/\"},\"sameAs\":[\"https:\/\/www-bio-getreide-bayern.de\",\"https:\/\/www.bio-getreide-bayern.de\"]}]}<\/script>\n<!-- \/ Yoast SEO plugin. -->","yoast_head_json":{"title":"Versandarten zuverl\u00e4ssig durch DHL ; UPS oder GLS - Biohof Rietzler","robots":{"index":"noindex","follow":"follow"},"og_locale":"de_DE","og_type":"article","og_title":"Versandarten zuverl\u00e4ssig durch DHL ; UPS oder GLS - Biohof Rietzler","og_description":"Wir versenden unsere Waren immer in Zusammenarbeit mit unserem Versanddienstleister. Zuschl\u00e4ge f\u00fcr Insellieferung behalten wir uns vor. Die Versandkosten sind abh\u00e4ngig vom Bestellwert wie folgt gestaffelt: siehe Warenkorb bei einer Bestellsumme zwischen 0 &#8211; 19 EUR ergeben sich Versandkosten von bei einer Bestellsumme zwischen 20 &#8211; 50 EUR ergeben sich Versandkosten von bei einer Bestellsumme&hellip; Weiterlesen","og_url":"https:\/\/www.bio-getreide-bayern.de\/shop\/versandarten\/","og_site_name":"Biohof Rietzler","article_publisher":"https:\/\/www-bio-getreide-bayern.de","article_modified_time":"2025-02-11T09:13:33+00:00","twitter_card":"summary_large_image","twitter_misc":{"Gesch\u00e4tzte Lesezeit":"1\u00a0Minute"},"schema":{"@context":"https:\/\/schema.org","@graph":[{"@type":"WebPage","@id":"https:\/\/www.bio-getreide-bayern.de\/shop\/versandarten\/","url":"https:\/\/www.bio-getreide-bayern.de\/shop\/versandarten\/","name":"Versandarten zuverl\u00e4ssig durch DHL ; UPS oder GLS - Biohof Rietzler","isPartOf":{"@id":"https:\/\/www.bio-getreide-bayern.de\/shop\/#website"},"datePublished":"2021-01-03T08:59:22+00:00","dateModified":"2025-02-11T09:13:33+00:00","breadcrumb":{"@id":"https:\/\/www.bio-getreide-bayern.de\/shop\/versandarten\/#breadcrumb"},"inLanguage":"de","potentialAction":[{"@type":"ReadAction","target":["https:\/\/www.bio-getreide-bayern.de\/shop\/versandarten\/"]}]},{"@type":"BreadcrumbList","@id":"https:\/\/www.bio-getreide-bayern.de\/shop\/versandarten\/#breadcrumb","itemListElement":[{"@type":"ListItem","position":1,"name":"Startseite","item":"https:\/\/www.bio-getreide-bayern.de\/shop\/"},{"@type":"ListItem","position":2,"name":"Versandarten zuverl\u00e4ssig durch DHL ; UPS oder GLS"}]},{"@type":"WebSite","@id":"https:\/\/www.bio-getreide-bayern.de\/shop\/#website","url":"https:\/\/www.bio-getreide-bayern.de\/shop\/","name":"www.bio-getreide-bayern.de","description":"GETREIDE &amp; KARTOFFELN AUS BAYERN","publisher":{"@id":"https:\/\/www.bio-getreide-bayern.de\/shop\/#organization"},"potentialAction":[{"@type":"SearchAction","target":{"@type":"EntryPoint","urlTemplate":"https:\/\/www.bio-getreide-bayern.de\/shop\/?s={search_term_string}"},"query-input":{"@type":"PropertyValueSpecification","valueRequired":true,"valueName":"search_term_string"}}],"inLanguage":"de"},{"@type":"Organization","@id":"https:\/\/www.bio-getreide-bayern.de\/shop\/#organization","name":"Biohof Rietzler","url":"https:\/\/www.bio-getreide-bayern.de\/shop\/","logo":{"@type":"ImageObject","inLanguage":"de","@id":"https:\/\/www.bio-getreide-bayern.de\/shop\/#\/schema\/logo\/image\/","url":"https:\/\/www.bio-getreide-bayern.de\/shop\/wp-content\/uploads\/2020\/12\/Biohof-Rietzler-Getreide-und-Kartoffeln-Wappen-Favicon-150x150-1.png","contentUrl":"https:\/\/www.bio-getreide-bayern.de\/shop\/wp-content\/uploads\/2020\/12\/Biohof-Rietzler-Getreide-und-Kartoffeln-Wappen-Favicon-150x150-1.png","width":150,"height":150,"caption":"Biohof Rietzler"},"image":{"@id":"https:\/\/www.bio-getreide-bayern.de\/shop\/#\/schema\/logo\/image\/"},"sameAs":["https:\/\/www-bio-getreide-bayern.de","https:\/\/www.bio-getreide-bayern.de"]}]}},"_links":{"self":[{"href":"https:\/\/www.bio-getreide-bayern.de\/shop\/wp-json\/wp\/v2\/pages\/565","targetHints":{"allow":["GET"]}}],"collection":[{"href":"https:\/\/www.bio-getreide-bayern.de\/shop\/wp-json\/wp\/v2\/pages"}],"about":[{"href":"https:\/\/www.bio-getreide-bayern.de\/shop\/wp-json\/wp\/v2\/types\/page"}],"author":[{"embeddable":true,"href":"https:\/\/www.bio-getreide-bayern.de\/shop\/wp-json\/wp\/v2\/users\/1"}],"replies":[{"embeddable":true,"href":"https:\/\/www.bio-getreide-bayern.de\/shop\/wp-json\/wp\/v2\/comments?post=565"}],"version-history":[{"count":10,"href":"https:\/\/www.bio-getreide-bayern.de\/shop\/wp-json\/wp\/v2\/pages\/565\/revisions"}],"predecessor-version":[{"id":3890,"href":"https:\/\/www.bio-getreide-bayern.de\/shop\/wp-json\/wp\/v2\/pages\/565\/revisions\/3890"}],"wp:attachment":[{"href":"https:\/\/www.bio-getreide-bayern.de\/shop\/wp-json\/wp\/v2\/media?parent=565"}],"curies":[{"name":"wp","href":"https:\/\/api.w.org\/{rel}","templated":true}]}}