{"id":357,"date":"2021-01-02T09:11:31","date_gmt":"2021-01-02T08:11:31","guid":{"rendered":"https:\/\/www.bio-getreide-bayern.de\/shop\/?post_type=product&#038;p=357"},"modified":"2023-05-06T11:39:15","modified_gmt":"2023-05-06T09:39:15","slug":"emmer-urgetreide-ganzes-korn","status":"publish","type":"product","link":"https:\/\/www.bio-getreide-bayern.de\/shop\/produkt\/emmer-urgetreide-ganzes-korn\/","title":{"rendered":"Emmer (Urgetreide) &#8211; Ganzes Korn"},"content":{"rendered":"<p><strong>Unser Bio-Emmer als ganzes Korn.<\/strong><\/p>\n<p>Das Getreide wird entspelzt geliefert. Bei der Entspelzung gehen wir sehr vorsichtig und schonend vor, damit das Getreide seine volle Vitalit\u00e4t beh\u00e4lt.<\/p>\n<h3>Emmer<\/h3>\n<p>Schwarzer Emmer geh\u00f6rt zur Pflanzenart der Gattung Weizen. Emmer ist besonders reich an Eiwei\u00df, Mineralstoffen, Ballaststoffen und Antioxidantien. Das Urgetreide ist aufgrund seiner Inhaltsstoffe besonders bei ern\u00e4hrungsbewussten Essern beliebt. Mit seinem vollm\u00fcndigen und nussigen Geschmack, bringt er Abwechslung in den Getreide-Alltag.<\/p>\n<p>&nbsp;<\/p>\n<p>Alle Produkte mit der Kontrollnummer: DE-\u00d6KO-037<\/p>\n","protected":false},"excerpt":{"rendered":"<h3>EMMER (URGETREIDE) \u2013 GANZES KORN<\/h3>\n<p><span style=\"color: #008000;\"><strong><span style=\"font-family: Helvetica;\">ab 4, \u20ac\/kg\u00a0 bei 5 kg<\/span><\/strong><\/span><\/p>\n","protected":false},"featured_media":1388,"template":"","meta":[],"product_cat":[57],"product_tag":[79,75,77,78,76],"class_list":{"0":"post-357","1":"product","2":"type-product","3":"status-publish","4":"has-post-thumbnail","6":"product_cat-urgetreide-ganzes-korn","7":"product_tag-bio","8":"product_tag-einkorn","9":"product_tag-ganzes-korn","10":"product_tag-getreide","11":"product_tag-urgetreide","13":"first","14":"instock","15":"taxable","16":"shipping-taxable","17":"purchasable","18":"product-type-variable","19":"has-default-attributes"},"yoast_head":"<!-- This site is optimized with the Yoast SEO plugin v23.8 - https:\/\/yoast.com\/wordpress\/plugins\/seo\/ -->\n<title>Emmer (Urgetreide) - Ganzes Korn - Biohof Rietzler<\/title>\n<meta name=\"description\" content=\"Bio Emmer, das gesunde Urgetreide als ganzes Korn. Gesund durch die Vielzahl an Eiwei\u00dfen, Mineralstoffen, Ballaststoffen und Antioxidantien.\" \/>\n<meta name=\"robots\" content=\"index, follow, max-snippet:-1, max-image-preview:large, max-video-preview:-1\" \/>\n<link rel=\"canonical\" href=\"https:\/\/www.bio-getreide-bayern.de\/shop\/produkt\/emmer-urgetreide-ganzes-korn\/\" \/>\n<meta property=\"og:locale\" content=\"de_DE\" \/>\n<meta property=\"og:type\" content=\"article\" \/>\n<meta property=\"og:title\" content=\"Emmer (Urgetreide) - Ganzes Korn - Biohof Rietzler\" \/>\n<meta property=\"og:description\" content=\"Bio Emmer, das gesunde Urgetreide als ganzes Korn. Gesund durch die Vielzahl an Eiwei\u00dfen, Mineralstoffen, Ballaststoffen und Antioxidantien.\" \/>\n<meta property=\"og:url\" content=\"https:\/\/www.bio-getreide-bayern.de\/shop\/produkt\/emmer-urgetreide-ganzes-korn\/\" \/>\n<meta property=\"og:site_name\" content=\"Biohof Rietzler\" \/>\n<meta property=\"article:publisher\" content=\"https:\/\/www-bio-getreide-bayern.de\" \/>\n<meta property=\"article:modified_time\" content=\"2023-05-06T09:39:15+00:00\" \/>\n<meta property=\"og:image\" content=\"https:\/\/www.bio-getreide-bayern.de\/shop\/wp-content\/uploads\/2021\/01\/Emmer-Ganzes-Korn-Titelbild-Biohof-Rietzler.jpg\" \/>\n\t<meta property=\"og:image:width\" content=\"1080\" \/>\n\t<meta property=\"og:image:height\" content=\"1080\" \/>\n\t<meta property=\"og:image:type\" content=\"image\/jpeg\" \/>\n<meta name=\"twitter:card\" content=\"summary_large_image\" \/>\n<meta name=\"twitter:label1\" content=\"Gesch\u00e4tzte Lesezeit\" \/>\n\t<meta name=\"twitter:data1\" content=\"1\u00a0Minute\" \/>\n<script type=\"application\/ld+json\" class=\"yoast-schema-graph\">{\"@context\":\"https:\/\/schema.org\",\"@graph\":[{\"@type\":\"WebPage\",\"@id\":\"https:\/\/www.bio-getreide-bayern.de\/shop\/produkt\/emmer-urgetreide-ganzes-korn\/\",\"url\":\"https:\/\/www.bio-getreide-bayern.de\/shop\/produkt\/emmer-urgetreide-ganzes-korn\/\",\"name\":\"Emmer (Urgetreide) - Ganzes Korn - Biohof Rietzler\",\"isPartOf\":{\"@id\":\"https:\/\/www.bio-getreide-bayern.de\/shop\/#website\"},\"primaryImageOfPage\":{\"@id\":\"https:\/\/www.bio-getreide-bayern.de\/shop\/produkt\/emmer-urgetreide-ganzes-korn\/#primaryimage\"},\"image\":{\"@id\":\"https:\/\/www.bio-getreide-bayern.de\/shop\/produkt\/emmer-urgetreide-ganzes-korn\/#primaryimage\"},\"thumbnailUrl\":\"https:\/\/www.bio-getreide-bayern.de\/shop\/wp-content\/uploads\/2021\/01\/Emmer-Ganzes-Korn-Titelbild-Biohof-Rietzler.jpg\",\"datePublished\":\"2021-01-02T08:11:31+00:00\",\"dateModified\":\"2023-05-06T09:39:15+00:00\",\"description\":\"Bio Emmer, das gesunde Urgetreide als ganzes Korn. Gesund durch die Vielzahl an Eiwei\u00dfen, Mineralstoffen, Ballaststoffen und Antioxidantien.\",\"breadcrumb\":{\"@id\":\"https:\/\/www.bio-getreide-bayern.de\/shop\/produkt\/emmer-urgetreide-ganzes-korn\/#breadcrumb\"},\"inLanguage\":\"de\",\"potentialAction\":[{\"@type\":\"ReadAction\",\"target\":[\"https:\/\/www.bio-getreide-bayern.de\/shop\/produkt\/emmer-urgetreide-ganzes-korn\/\"]}]},{\"@type\":\"ImageObject\",\"inLanguage\":\"de\",\"@id\":\"https:\/\/www.bio-getreide-bayern.de\/shop\/produkt\/emmer-urgetreide-ganzes-korn\/#primaryimage\",\"url\":\"https:\/\/www.bio-getreide-bayern.de\/shop\/wp-content\/uploads\/2021\/01\/Emmer-Ganzes-Korn-Titelbild-Biohof-Rietzler.jpg\",\"contentUrl\":\"https:\/\/www.bio-getreide-bayern.de\/shop\/wp-content\/uploads\/2021\/01\/Emmer-Ganzes-Korn-Titelbild-Biohof-Rietzler.jpg\",\"width\":1080,\"height\":1080,\"caption\":\"Emmer Ganzes Korn Titelbild Biohof Rietzler\"},{\"@type\":\"BreadcrumbList\",\"@id\":\"https:\/\/www.bio-getreide-bayern.de\/shop\/produkt\/emmer-urgetreide-ganzes-korn\/#breadcrumb\",\"itemListElement\":[{\"@type\":\"ListItem\",\"position\":1,\"name\":\"Startseite\",\"item\":\"https:\/\/www.bio-getreide-bayern.de\/shop\/\"},{\"@type\":\"ListItem\",\"position\":2,\"name\":\"Shop\",\"item\":\"https:\/\/www.bio-getreide-bayern.de\/shop\/shop\/\"},{\"@type\":\"ListItem\",\"position\":3,\"name\":\"Emmer (Urgetreide) &#8211; Ganzes Korn\"}]},{\"@type\":\"WebSite\",\"@id\":\"https:\/\/www.bio-getreide-bayern.de\/shop\/#website\",\"url\":\"https:\/\/www.bio-getreide-bayern.de\/shop\/\",\"name\":\"www.bio-getreide-bayern.de\",\"description\":\"GETREIDE &amp; KARTOFFELN AUS BAYERN\",\"publisher\":{\"@id\":\"https:\/\/www.bio-getreide-bayern.de\/shop\/#organization\"},\"potentialAction\":[{\"@type\":\"SearchAction\",\"target\":{\"@type\":\"EntryPoint\",\"urlTemplate\":\"https:\/\/www.bio-getreide-bayern.de\/shop\/?s={search_term_string}\"},\"query-input\":{\"@type\":\"PropertyValueSpecification\",\"valueRequired\":true,\"valueName\":\"search_term_string\"}}],\"inLanguage\":\"de\"},{\"@type\":\"Organization\",\"@id\":\"https:\/\/www.bio-getreide-bayern.de\/shop\/#organization\",\"name\":\"Biohof Rietzler\",\"url\":\"https:\/\/www.bio-getreide-bayern.de\/shop\/\",\"logo\":{\"@type\":\"ImageObject\",\"inLanguage\":\"de\",\"@id\":\"https:\/\/www.bio-getreide-bayern.de\/shop\/#\/schema\/logo\/image\/\",\"url\":\"https:\/\/www.bio-getreide-bayern.de\/shop\/wp-content\/uploads\/2020\/12\/Biohof-Rietzler-Getreide-und-Kartoffeln-Wappen-Favicon-150x150-1.png\",\"contentUrl\":\"https:\/\/www.bio-getreide-bayern.de\/shop\/wp-content\/uploads\/2020\/12\/Biohof-Rietzler-Getreide-und-Kartoffeln-Wappen-Favicon-150x150-1.png\",\"width\":150,\"height\":150,\"caption\":\"Biohof Rietzler\"},\"image\":{\"@id\":\"https:\/\/www.bio-getreide-bayern.de\/shop\/#\/schema\/logo\/image\/\"},\"sameAs\":[\"https:\/\/www-bio-getreide-bayern.de\",\"https:\/\/www.bio-getreide-bayern.de\"]}]}<\/script>\n<!-- \/ Yoast SEO plugin. -->","yoast_head_json":{"title":"Emmer (Urgetreide) - Ganzes Korn - Biohof Rietzler","description":"Bio Emmer, das gesunde Urgetreide als ganzes Korn. Gesund durch die Vielzahl an Eiwei\u00dfen, Mineralstoffen, Ballaststoffen und Antioxidantien.","robots":{"index":"index","follow":"follow","max-snippet":"max-snippet:-1","max-image-preview":"max-image-preview:large","max-video-preview":"max-video-preview:-1"},"canonical":"https:\/\/www.bio-getreide-bayern.de\/shop\/produkt\/emmer-urgetreide-ganzes-korn\/","og_locale":"de_DE","og_type":"article","og_title":"Emmer (Urgetreide) - Ganzes Korn - Biohof Rietzler","og_description":"Bio Emmer, das gesunde Urgetreide als ganzes Korn. Gesund durch die Vielzahl an Eiwei\u00dfen, Mineralstoffen, Ballaststoffen und Antioxidantien.","og_url":"https:\/\/www.bio-getreide-bayern.de\/shop\/produkt\/emmer-urgetreide-ganzes-korn\/","og_site_name":"Biohof Rietzler","article_publisher":"https:\/\/www-bio-getreide-bayern.de","article_modified_time":"2023-05-06T09:39:15+00:00","og_image":[{"width":1080,"height":1080,"url":"https:\/\/www.bio-getreide-bayern.de\/shop\/wp-content\/uploads\/2021\/01\/Emmer-Ganzes-Korn-Titelbild-Biohof-Rietzler.jpg","type":"image\/jpeg"}],"twitter_card":"summary_large_image","twitter_misc":{"Gesch\u00e4tzte Lesezeit":"1\u00a0Minute"},"schema":{"@context":"https:\/\/schema.org","@graph":[{"@type":"WebPage","@id":"https:\/\/www.bio-getreide-bayern.de\/shop\/produkt\/emmer-urgetreide-ganzes-korn\/","url":"https:\/\/www.bio-getreide-bayern.de\/shop\/produkt\/emmer-urgetreide-ganzes-korn\/","name":"Emmer (Urgetreide) - Ganzes Korn - Biohof Rietzler","isPartOf":{"@id":"https:\/\/www.bio-getreide-bayern.de\/shop\/#website"},"primaryImageOfPage":{"@id":"https:\/\/www.bio-getreide-bayern.de\/shop\/produkt\/emmer-urgetreide-ganzes-korn\/#primaryimage"},"image":{"@id":"https:\/\/www.bio-getreide-bayern.de\/shop\/produkt\/emmer-urgetreide-ganzes-korn\/#primaryimage"},"thumbnailUrl":"https:\/\/www.bio-getreide-bayern.de\/shop\/wp-content\/uploads\/2021\/01\/Emmer-Ganzes-Korn-Titelbild-Biohof-Rietzler.jpg","datePublished":"2021-01-02T08:11:31+00:00","dateModified":"2023-05-06T09:39:15+00:00","description":"Bio Emmer, das gesunde Urgetreide als ganzes Korn. Gesund durch die Vielzahl an Eiwei\u00dfen, Mineralstoffen, Ballaststoffen und Antioxidantien.","breadcrumb":{"@id":"https:\/\/www.bio-getreide-bayern.de\/shop\/produkt\/emmer-urgetreide-ganzes-korn\/#breadcrumb"},"inLanguage":"de","potentialAction":[{"@type":"ReadAction","target":["https:\/\/www.bio-getreide-bayern.de\/shop\/produkt\/emmer-urgetreide-ganzes-korn\/"]}]},{"@type":"ImageObject","inLanguage":"de","@id":"https:\/\/www.bio-getreide-bayern.de\/shop\/produkt\/emmer-urgetreide-ganzes-korn\/#primaryimage","url":"https:\/\/www.bio-getreide-bayern.de\/shop\/wp-content\/uploads\/2021\/01\/Emmer-Ganzes-Korn-Titelbild-Biohof-Rietzler.jpg","contentUrl":"https:\/\/www.bio-getreide-bayern.de\/shop\/wp-content\/uploads\/2021\/01\/Emmer-Ganzes-Korn-Titelbild-Biohof-Rietzler.jpg","width":1080,"height":1080,"caption":"Emmer Ganzes Korn Titelbild Biohof Rietzler"},{"@type":"BreadcrumbList","@id":"https:\/\/www.bio-getreide-bayern.de\/shop\/produkt\/emmer-urgetreide-ganzes-korn\/#breadcrumb","itemListElement":[{"@type":"ListItem","position":1,"name":"Startseite","item":"https:\/\/www.bio-getreide-bayern.de\/shop\/"},{"@type":"ListItem","position":2,"name":"Shop","item":"https:\/\/www.bio-getreide-bayern.de\/shop\/shop\/"},{"@type":"ListItem","position":3,"name":"Emmer (Urgetreide) &#8211; Ganzes Korn"}]},{"@type":"WebSite","@id":"https:\/\/www.bio-getreide-bayern.de\/shop\/#website","url":"https:\/\/www.bio-getreide-bayern.de\/shop\/","name":"www.bio-getreide-bayern.de","description":"GETREIDE &amp; KARTOFFELN AUS BAYERN","publisher":{"@id":"https:\/\/www.bio-getreide-bayern.de\/shop\/#organization"},"potentialAction":[{"@type":"SearchAction","target":{"@type":"EntryPoint","urlTemplate":"https:\/\/www.bio-getreide-bayern.de\/shop\/?s={search_term_string}"},"query-input":{"@type":"PropertyValueSpecification","valueRequired":true,"valueName":"search_term_string"}}],"inLanguage":"de"},{"@type":"Organization","@id":"https:\/\/www.bio-getreide-bayern.de\/shop\/#organization","name":"Biohof Rietzler","url":"https:\/\/www.bio-getreide-bayern.de\/shop\/","logo":{"@type":"ImageObject","inLanguage":"de","@id":"https:\/\/www.bio-getreide-bayern.de\/shop\/#\/schema\/logo\/image\/","url":"https:\/\/www.bio-getreide-bayern.de\/shop\/wp-content\/uploads\/2020\/12\/Biohof-Rietzler-Getreide-und-Kartoffeln-Wappen-Favicon-150x150-1.png","contentUrl":"https:\/\/www.bio-getreide-bayern.de\/shop\/wp-content\/uploads\/2020\/12\/Biohof-Rietzler-Getreide-und-Kartoffeln-Wappen-Favicon-150x150-1.png","width":150,"height":150,"caption":"Biohof Rietzler"},"image":{"@id":"https:\/\/www.bio-getreide-bayern.de\/shop\/#\/schema\/logo\/image\/"},"sameAs":["https:\/\/www-bio-getreide-bayern.de","https:\/\/www.bio-getreide-bayern.de"]}]}},"_links":{"self":[{"href":"https:\/\/www.bio-getreide-bayern.de\/shop\/wp-json\/wp\/v2\/product\/357","targetHints":{"allow":["GET"]}}],"collection":[{"href":"https:\/\/www.bio-getreide-bayern.de\/shop\/wp-json\/wp\/v2\/product"}],"about":[{"href":"https:\/\/www.bio-getreide-bayern.de\/shop\/wp-json\/wp\/v2\/types\/product"}],"wp:featuredmedia":[{"embeddable":true,"href":"https:\/\/www.bio-getreide-bayern.de\/shop\/wp-json\/wp\/v2\/media\/1388"}],"wp:attachment":[{"href":"https:\/\/www.bio-getreide-bayern.de\/shop\/wp-json\/wp\/v2\/media?parent=357"}],"wp:term":[{"taxonomy":"product_cat","embeddable":true,"href":"https:\/\/www.bio-getreide-bayern.de\/shop\/wp-json\/wp\/v2\/product_cat?post=357"},{"taxonomy":"product_tag","embeddable":true,"href":"https:\/\/www.bio-getreide-bayern.de\/shop\/wp-json\/wp\/v2\/product_tag?post=357"}],"curies":[{"name":"wp","href":"https:\/\/api.w.org\/{rel}","templated":true}]}}