{"id":360,"date":"2021-01-02T09:15:17","date_gmt":"2021-01-02T08:15:17","guid":{"rendered":"https:\/\/www.bio-getreide-bayern.de\/shop\/?post_type=product&#038;p=360"},"modified":"2026-04-24T09:05:45","modified_gmt":"2026-04-24T07:05:45","slug":"urdinkel-oberkulmer-rotkorn-ganzes-korn","status":"publish","type":"product","link":"https:\/\/www.bio-getreide-bayern.de\/shop\/produkt\/urdinkel-oberkulmer-rotkorn-ganzes-korn\/","title":{"rendered":"Urdinkel (Oberkulmer Rotkorn) Ganzes Korn"},"content":{"rendered":"<p><strong>Unser Bio-Urdinkel als ganzes Korn.<\/strong><\/p>\n<p>Das kraftvolle Obekulmer Rotkorn wird sanft entspelzt &amp; speisegereinigt, damit seine &#8222;Lebendigkeit&#8220; erhalten bleibt.\u00a0Bei der Entspelzung gehen wir sehr vorsichtig und schonend vor. So beh\u00e4lt das Getreide seine volle Vitalit\u00e4t.<\/p>\n<h3>Urdinkel<\/h3>\n<p>Dinkel geh\u00f6rt zum beliebtesten Brotgetreide. Unser Oberkulmer Rotkorn z\u00e4hlt zum Typ der alten Dinkelsorten. Das Urgetreide ist besonders bei ern\u00e4hrungsbewussten und gesundheitsorientierten Essern sehr beliebt. Urdinkel wird von vielen Menschen vertragen, die empfindlich auf Weizen reagieren.<\/p>\n<p>Alle Produkte mit der Kontrollnummer: DE-\u00d6KO-037<\/p>\n","protected":false},"excerpt":{"rendered":"<h3>URDINKEL (OBERKULMER ROTKORN) &#8211; GANZES KORN<\/h3>\n<h3><span style=\"color: #339966;\"><strong><span style=\"font-family: Helvetica;\">ab 3,- \u20ac\/kg\u00a0 bei\u00a0 5kg<\/span><\/strong><\/span><\/h3>\n<h4><\/h4>\n","protected":false},"featured_media":1387,"template":"","meta":[],"product_cat":[57],"product_tag":[79,75,77,78,76],"class_list":{"0":"post-360","1":"product","2":"type-product","3":"status-publish","4":"has-post-thumbnail","6":"product_cat-urgetreide-ganzes-korn","7":"product_tag-bio","8":"product_tag-einkorn","9":"product_tag-ganzes-korn","10":"product_tag-getreide","11":"product_tag-urgetreide","13":"first","14":"instock","15":"taxable","16":"shipping-taxable","17":"purchasable","18":"product-type-variable","19":"has-default-attributes"},"yoast_head":"<!-- This site is optimized with the Yoast SEO plugin v23.8 - https:\/\/yoast.com\/wordpress\/plugins\/seo\/ -->\n<title>Urdinkel (Oberkulmer Rotkorn) Ganzes Korn - Biohof Rietzler<\/title>\n<meta name=\"description\" content=\"Der Urdinkel als ganzes Korn, ist optimal f\u00fcr Allergiker, die eine Weizenunvertr\u00e4glichkeit haben und auf eine gesunde Ern\u00e4hrung achten.\" \/>\n<meta name=\"robots\" content=\"index, follow, max-snippet:-1, max-image-preview:large, max-video-preview:-1\" \/>\n<link rel=\"canonical\" href=\"https:\/\/www.bio-getreide-bayern.de\/shop\/produkt\/urdinkel-oberkulmer-rotkorn-ganzes-korn\/\" \/>\n<meta property=\"og:locale\" content=\"de_DE\" \/>\n<meta property=\"og:type\" content=\"article\" \/>\n<meta property=\"og:title\" content=\"Urdinkel (Oberkulmer Rotkorn) Ganzes Korn - Biohof Rietzler\" \/>\n<meta property=\"og:description\" content=\"Der Urdinkel als ganzes Korn, ist optimal f\u00fcr Allergiker, die eine Weizenunvertr\u00e4glichkeit haben und auf eine gesunde Ern\u00e4hrung achten.\" \/>\n<meta property=\"og:url\" content=\"https:\/\/www.bio-getreide-bayern.de\/shop\/produkt\/urdinkel-oberkulmer-rotkorn-ganzes-korn\/\" \/>\n<meta property=\"og:site_name\" content=\"Biohof Rietzler\" \/>\n<meta property=\"article:publisher\" content=\"https:\/\/www-bio-getreide-bayern.de\" \/>\n<meta property=\"article:modified_time\" content=\"2026-04-24T07:05:45+00:00\" \/>\n<meta property=\"og:image\" content=\"https:\/\/www.bio-getreide-bayern.de\/shop\/wp-content\/uploads\/2021\/01\/Dinkel-Ganzes-Korn-Titelbild-Biohof-Rietzler.jpg\" \/>\n\t<meta property=\"og:image:width\" content=\"1080\" \/>\n\t<meta property=\"og:image:height\" content=\"1080\" \/>\n\t<meta property=\"og:image:type\" content=\"image\/jpeg\" \/>\n<meta name=\"twitter:card\" content=\"summary_large_image\" \/>\n<meta name=\"twitter:label1\" content=\"Gesch\u00e4tzte Lesezeit\" \/>\n\t<meta name=\"twitter:data1\" content=\"1\u00a0Minute\" \/>\n<script type=\"application\/ld+json\" class=\"yoast-schema-graph\">{\"@context\":\"https:\/\/schema.org\",\"@graph\":[{\"@type\":\"WebPage\",\"@id\":\"https:\/\/www.bio-getreide-bayern.de\/shop\/produkt\/urdinkel-oberkulmer-rotkorn-ganzes-korn\/\",\"url\":\"https:\/\/www.bio-getreide-bayern.de\/shop\/produkt\/urdinkel-oberkulmer-rotkorn-ganzes-korn\/\",\"name\":\"Urdinkel (Oberkulmer Rotkorn) Ganzes Korn - Biohof Rietzler\",\"isPartOf\":{\"@id\":\"https:\/\/www.bio-getreide-bayern.de\/shop\/#website\"},\"primaryImageOfPage\":{\"@id\":\"https:\/\/www.bio-getreide-bayern.de\/shop\/produkt\/urdinkel-oberkulmer-rotkorn-ganzes-korn\/#primaryimage\"},\"image\":{\"@id\":\"https:\/\/www.bio-getreide-bayern.de\/shop\/produkt\/urdinkel-oberkulmer-rotkorn-ganzes-korn\/#primaryimage\"},\"thumbnailUrl\":\"https:\/\/www.bio-getreide-bayern.de\/shop\/wp-content\/uploads\/2021\/01\/Dinkel-Ganzes-Korn-Titelbild-Biohof-Rietzler.jpg\",\"datePublished\":\"2021-01-02T08:15:17+00:00\",\"dateModified\":\"2026-04-24T07:05:45+00:00\",\"description\":\"Der Urdinkel als ganzes Korn, ist optimal f\u00fcr Allergiker, die eine Weizenunvertr\u00e4glichkeit haben und auf eine gesunde Ern\u00e4hrung achten.\",\"breadcrumb\":{\"@id\":\"https:\/\/www.bio-getreide-bayern.de\/shop\/produkt\/urdinkel-oberkulmer-rotkorn-ganzes-korn\/#breadcrumb\"},\"inLanguage\":\"de\",\"potentialAction\":[{\"@type\":\"ReadAction\",\"target\":[\"https:\/\/www.bio-getreide-bayern.de\/shop\/produkt\/urdinkel-oberkulmer-rotkorn-ganzes-korn\/\"]}]},{\"@type\":\"ImageObject\",\"inLanguage\":\"de\",\"@id\":\"https:\/\/www.bio-getreide-bayern.de\/shop\/produkt\/urdinkel-oberkulmer-rotkorn-ganzes-korn\/#primaryimage\",\"url\":\"https:\/\/www.bio-getreide-bayern.de\/shop\/wp-content\/uploads\/2021\/01\/Dinkel-Ganzes-Korn-Titelbild-Biohof-Rietzler.jpg\",\"contentUrl\":\"https:\/\/www.bio-getreide-bayern.de\/shop\/wp-content\/uploads\/2021\/01\/Dinkel-Ganzes-Korn-Titelbild-Biohof-Rietzler.jpg\",\"width\":1080,\"height\":1080,\"caption\":\"Dinkel Ganzes Korn Titelbild Biohof Rietzler\"},{\"@type\":\"BreadcrumbList\",\"@id\":\"https:\/\/www.bio-getreide-bayern.de\/shop\/produkt\/urdinkel-oberkulmer-rotkorn-ganzes-korn\/#breadcrumb\",\"itemListElement\":[{\"@type\":\"ListItem\",\"position\":1,\"name\":\"Startseite\",\"item\":\"https:\/\/www.bio-getreide-bayern.de\/shop\/\"},{\"@type\":\"ListItem\",\"position\":2,\"name\":\"Shop\",\"item\":\"https:\/\/www.bio-getreide-bayern.de\/shop\/shop\/\"},{\"@type\":\"ListItem\",\"position\":3,\"name\":\"Urdinkel (Oberkulmer Rotkorn) Ganzes Korn\"}]},{\"@type\":\"WebSite\",\"@id\":\"https:\/\/www.bio-getreide-bayern.de\/shop\/#website\",\"url\":\"https:\/\/www.bio-getreide-bayern.de\/shop\/\",\"name\":\"www.bio-getreide-bayern.de\",\"description\":\"GETREIDE &amp; KARTOFFELN AUS BAYERN\",\"publisher\":{\"@id\":\"https:\/\/www.bio-getreide-bayern.de\/shop\/#organization\"},\"potentialAction\":[{\"@type\":\"SearchAction\",\"target\":{\"@type\":\"EntryPoint\",\"urlTemplate\":\"https:\/\/www.bio-getreide-bayern.de\/shop\/?s={search_term_string}\"},\"query-input\":{\"@type\":\"PropertyValueSpecification\",\"valueRequired\":true,\"valueName\":\"search_term_string\"}}],\"inLanguage\":\"de\"},{\"@type\":\"Organization\",\"@id\":\"https:\/\/www.bio-getreide-bayern.de\/shop\/#organization\",\"name\":\"Biohof Rietzler\",\"url\":\"https:\/\/www.bio-getreide-bayern.de\/shop\/\",\"logo\":{\"@type\":\"ImageObject\",\"inLanguage\":\"de\",\"@id\":\"https:\/\/www.bio-getreide-bayern.de\/shop\/#\/schema\/logo\/image\/\",\"url\":\"https:\/\/www.bio-getreide-bayern.de\/shop\/wp-content\/uploads\/2020\/12\/Biohof-Rietzler-Getreide-und-Kartoffeln-Wappen-Favicon-150x150-1.png\",\"contentUrl\":\"https:\/\/www.bio-getreide-bayern.de\/shop\/wp-content\/uploads\/2020\/12\/Biohof-Rietzler-Getreide-und-Kartoffeln-Wappen-Favicon-150x150-1.png\",\"width\":150,\"height\":150,\"caption\":\"Biohof Rietzler\"},\"image\":{\"@id\":\"https:\/\/www.bio-getreide-bayern.de\/shop\/#\/schema\/logo\/image\/\"},\"sameAs\":[\"https:\/\/www-bio-getreide-bayern.de\",\"https:\/\/www.bio-getreide-bayern.de\"]}]}<\/script>\n<!-- \/ Yoast SEO plugin. -->","yoast_head_json":{"title":"Urdinkel (Oberkulmer Rotkorn) Ganzes Korn - Biohof Rietzler","description":"Der Urdinkel als ganzes Korn, ist optimal f\u00fcr Allergiker, die eine Weizenunvertr\u00e4glichkeit haben und auf eine gesunde Ern\u00e4hrung achten.","robots":{"index":"index","follow":"follow","max-snippet":"max-snippet:-1","max-image-preview":"max-image-preview:large","max-video-preview":"max-video-preview:-1"},"canonical":"https:\/\/www.bio-getreide-bayern.de\/shop\/produkt\/urdinkel-oberkulmer-rotkorn-ganzes-korn\/","og_locale":"de_DE","og_type":"article","og_title":"Urdinkel (Oberkulmer Rotkorn) Ganzes Korn - Biohof Rietzler","og_description":"Der Urdinkel als ganzes Korn, ist optimal f\u00fcr Allergiker, die eine Weizenunvertr\u00e4glichkeit haben und auf eine gesunde Ern\u00e4hrung achten.","og_url":"https:\/\/www.bio-getreide-bayern.de\/shop\/produkt\/urdinkel-oberkulmer-rotkorn-ganzes-korn\/","og_site_name":"Biohof Rietzler","article_publisher":"https:\/\/www-bio-getreide-bayern.de","article_modified_time":"2026-04-24T07:05:45+00:00","og_image":[{"width":1080,"height":1080,"url":"https:\/\/www.bio-getreide-bayern.de\/shop\/wp-content\/uploads\/2021\/01\/Dinkel-Ganzes-Korn-Titelbild-Biohof-Rietzler.jpg","type":"image\/jpeg"}],"twitter_card":"summary_large_image","twitter_misc":{"Gesch\u00e4tzte Lesezeit":"1\u00a0Minute"},"schema":{"@context":"https:\/\/schema.org","@graph":[{"@type":"WebPage","@id":"https:\/\/www.bio-getreide-bayern.de\/shop\/produkt\/urdinkel-oberkulmer-rotkorn-ganzes-korn\/","url":"https:\/\/www.bio-getreide-bayern.de\/shop\/produkt\/urdinkel-oberkulmer-rotkorn-ganzes-korn\/","name":"Urdinkel (Oberkulmer Rotkorn) Ganzes Korn - Biohof Rietzler","isPartOf":{"@id":"https:\/\/www.bio-getreide-bayern.de\/shop\/#website"},"primaryImageOfPage":{"@id":"https:\/\/www.bio-getreide-bayern.de\/shop\/produkt\/urdinkel-oberkulmer-rotkorn-ganzes-korn\/#primaryimage"},"image":{"@id":"https:\/\/www.bio-getreide-bayern.de\/shop\/produkt\/urdinkel-oberkulmer-rotkorn-ganzes-korn\/#primaryimage"},"thumbnailUrl":"https:\/\/www.bio-getreide-bayern.de\/shop\/wp-content\/uploads\/2021\/01\/Dinkel-Ganzes-Korn-Titelbild-Biohof-Rietzler.jpg","datePublished":"2021-01-02T08:15:17+00:00","dateModified":"2026-04-24T07:05:45+00:00","description":"Der Urdinkel als ganzes Korn, ist optimal f\u00fcr Allergiker, die eine Weizenunvertr\u00e4glichkeit haben und auf eine gesunde Ern\u00e4hrung achten.","breadcrumb":{"@id":"https:\/\/www.bio-getreide-bayern.de\/shop\/produkt\/urdinkel-oberkulmer-rotkorn-ganzes-korn\/#breadcrumb"},"inLanguage":"de","potentialAction":[{"@type":"ReadAction","target":["https:\/\/www.bio-getreide-bayern.de\/shop\/produkt\/urdinkel-oberkulmer-rotkorn-ganzes-korn\/"]}]},{"@type":"ImageObject","inLanguage":"de","@id":"https:\/\/www.bio-getreide-bayern.de\/shop\/produkt\/urdinkel-oberkulmer-rotkorn-ganzes-korn\/#primaryimage","url":"https:\/\/www.bio-getreide-bayern.de\/shop\/wp-content\/uploads\/2021\/01\/Dinkel-Ganzes-Korn-Titelbild-Biohof-Rietzler.jpg","contentUrl":"https:\/\/www.bio-getreide-bayern.de\/shop\/wp-content\/uploads\/2021\/01\/Dinkel-Ganzes-Korn-Titelbild-Biohof-Rietzler.jpg","width":1080,"height":1080,"caption":"Dinkel Ganzes Korn Titelbild Biohof Rietzler"},{"@type":"BreadcrumbList","@id":"https:\/\/www.bio-getreide-bayern.de\/shop\/produkt\/urdinkel-oberkulmer-rotkorn-ganzes-korn\/#breadcrumb","itemListElement":[{"@type":"ListItem","position":1,"name":"Startseite","item":"https:\/\/www.bio-getreide-bayern.de\/shop\/"},{"@type":"ListItem","position":2,"name":"Shop","item":"https:\/\/www.bio-getreide-bayern.de\/shop\/shop\/"},{"@type":"ListItem","position":3,"name":"Urdinkel (Oberkulmer Rotkorn) Ganzes Korn"}]},{"@type":"WebSite","@id":"https:\/\/www.bio-getreide-bayern.de\/shop\/#website","url":"https:\/\/www.bio-getreide-bayern.de\/shop\/","name":"www.bio-getreide-bayern.de","description":"GETREIDE &amp; KARTOFFELN AUS BAYERN","publisher":{"@id":"https:\/\/www.bio-getreide-bayern.de\/shop\/#organization"},"potentialAction":[{"@type":"SearchAction","target":{"@type":"EntryPoint","urlTemplate":"https:\/\/www.bio-getreide-bayern.de\/shop\/?s={search_term_string}"},"query-input":{"@type":"PropertyValueSpecification","valueRequired":true,"valueName":"search_term_string"}}],"inLanguage":"de"},{"@type":"Organization","@id":"https:\/\/www.bio-getreide-bayern.de\/shop\/#organization","name":"Biohof Rietzler","url":"https:\/\/www.bio-getreide-bayern.de\/shop\/","logo":{"@type":"ImageObject","inLanguage":"de","@id":"https:\/\/www.bio-getreide-bayern.de\/shop\/#\/schema\/logo\/image\/","url":"https:\/\/www.bio-getreide-bayern.de\/shop\/wp-content\/uploads\/2020\/12\/Biohof-Rietzler-Getreide-und-Kartoffeln-Wappen-Favicon-150x150-1.png","contentUrl":"https:\/\/www.bio-getreide-bayern.de\/shop\/wp-content\/uploads\/2020\/12\/Biohof-Rietzler-Getreide-und-Kartoffeln-Wappen-Favicon-150x150-1.png","width":150,"height":150,"caption":"Biohof Rietzler"},"image":{"@id":"https:\/\/www.bio-getreide-bayern.de\/shop\/#\/schema\/logo\/image\/"},"sameAs":["https:\/\/www-bio-getreide-bayern.de","https:\/\/www.bio-getreide-bayern.de"]}]}},"_links":{"self":[{"href":"https:\/\/www.bio-getreide-bayern.de\/shop\/wp-json\/wp\/v2\/product\/360","targetHints":{"allow":["GET"]}}],"collection":[{"href":"https:\/\/www.bio-getreide-bayern.de\/shop\/wp-json\/wp\/v2\/product"}],"about":[{"href":"https:\/\/www.bio-getreide-bayern.de\/shop\/wp-json\/wp\/v2\/types\/product"}],"wp:featuredmedia":[{"embeddable":true,"href":"https:\/\/www.bio-getreide-bayern.de\/shop\/wp-json\/wp\/v2\/media\/1387"}],"wp:attachment":[{"href":"https:\/\/www.bio-getreide-bayern.de\/shop\/wp-json\/wp\/v2\/media?parent=360"}],"wp:term":[{"taxonomy":"product_cat","embeddable":true,"href":"https:\/\/www.bio-getreide-bayern.de\/shop\/wp-json\/wp\/v2\/product_cat?post=360"},{"taxonomy":"product_tag","embeddable":true,"href":"https:\/\/www.bio-getreide-bayern.de\/shop\/wp-json\/wp\/v2\/product_tag?post=360"}],"curies":[{"name":"wp","href":"https:\/\/api.w.org\/{rel}","templated":true}]}}