{"id":382,"date":"2021-01-02T09:46:36","date_gmt":"2021-01-02T08:46:36","guid":{"rendered":"https:\/\/www.bio-getreide-bayern.de\/shop\/?post_type=product&#038;p=382"},"modified":"2026-01-01T18:12:51","modified_gmt":"2026-01-01T17:12:51","slug":"dinkel-emmer-einkorn-urgetreide-vollkornmehlset","status":"publish","type":"product","link":"https:\/\/www.bio-getreide-bayern.de\/shop\/produkt\/dinkel-emmer-einkorn-urgetreide-vollkornmehlset\/","title":{"rendered":"Vollkornmehl-Set  je 1kg Dinkel-Emmer-Einkorn"},"content":{"rendered":"<h3 style=\"text-align: left;\">Dieses Set aus Ur-Getreide enth\u00e4lt jeweils 1 Kilo der drei Sorten: Dinkel, Emmer und Einkorn.<\/h3>\n<p style=\"text-align: left;\">In der CO2 neutralen Herstellung achten wir auf eine schonende Mahlprozess. Das Getreide wird entspelzt &amp; gemahlen geliefert. Bei der Entspelzung gehen wir sehr vorsichtig und schonend vor, damit das Getreide seine volle Vitalit\u00e4t beh\u00e4lt.<\/p>\n<p style=\"text-align: left;\"><strong>Gesundes Kochen &amp; Backen mit unserem Bio-Getreide.<\/strong><\/p>\n<h3 style=\"text-align: left;\"><a href=\"https:\/\/www.bio-getreide-bayern.de\/shop\/produkt\/emmer-urgetreide-vollkornmehl\/\">Emmer<\/a><\/h3>\n<p style=\"text-align: left;\">Schwarzer Emmer geh\u00f6rt zur Pflanzenart der Gattung Weizen. Emmer ist besonders reich an Eiwei\u00df, Mineralstoffen, Ballaststoffen und Antioxidantien. Das Urgetreide ist aufgrund seiner Inhaltsstoffe besonders bei ern\u00e4hrungsbewussten Essern beliebt. Mit seinem vollm\u00fcndigen und nussigen Geschmack, bringt er Abwechslung in den Getreide-Alltag.<\/p>\n<h3 style=\"text-align: left;\"><a href=\"https:\/\/www.bio-getreide-bayern.de\/shop\/produkt\/urdinkel-oberkulmer-rotkorn-vollkornmehl\/\">Urdinkel<\/a><\/h3>\n<p style=\"text-align: left;\">Das kraftvolle Obekulmer Rotkorn wird sanft entspelzt &amp; speisegereinigt, damit seine \u201eLebendigkeit\u201c erhalten bleibt. Urdinkel \u2013 Oberkulmer Rotkorn wird von vielen Menschen vertragen, die empfindlich oder allergisch auf Weizen reagieren.<\/p>\n<h3 style=\"text-align: left;\"><a href=\"https:\/\/www.bio-getreide-bayern.de\/shop\/produkt\/einkorn-urgetreide-vollkorn-mehl\/\">Einkorn<\/a><\/h3>\n<p style=\"text-align: left;\">Einkorn stammt vom wilden Weizen ab. Er enth\u00e4lt mehr Mineralstoffe &amp; Aminos\u00e4uren als Saat-Weizen. Einkorn z\u00e4hlt zu den \u00e4ltesten Getreidesorten und gilt mit seinen wertvollen Inhaltsstoffen wie Zink, Magnesium &amp; Mangan zur ausgewogenen Ern\u00e4hrung. Das Urgetreide ist besonders bei ern\u00e4hrungsbewussten und gesundheitsorientierten Essern sehr beliebt.<\/p>\n<p style=\"text-align: left;\">Alle Produkte mit der Kontrollnummer: DE-\u00d6KO-006<\/p>\n","protected":false},"excerpt":{"rendered":"<h2>Ur-Getreide Vollkornmehlset\u00a0 Dinkel-Emmer-Einkorn<\/h2>\n<h3><span style=\"font-family: Helvetica; color: #003300;\">\u00a0Jeweils 1 Kilogramm von jeder Sorte!<\/span><\/h3>\n","protected":false},"featured_media":1383,"template":"","meta":[],"product_cat":[59],"product_tag":[79,83,78,76,86],"class_list":{"0":"post-382","1":"product","2":"type-product","3":"status-publish","4":"has-post-thumbnail","6":"product_cat-urgetreide-vollkornmehl","7":"product_tag-bio","8":"product_tag-emmer","9":"product_tag-getreide","10":"product_tag-urgetreide","11":"product_tag-vollkorn-mehl","13":"first","14":"instock","15":"taxable","16":"shipping-taxable","17":"purchasable","18":"product-type-simple"},"yoast_head":"<!-- This site is optimized with the Yoast SEO plugin v23.8 - https:\/\/yoast.com\/wordpress\/plugins\/seo\/ -->\n<title>Vollkornmehl-Set je 1kg Dinkel-Emmer-Einkorn - Biohof Rietzler<\/title>\n<meta name=\"description\" content=\"Dieses Set aus Ur-Getreide enth\u00e4lt die drei Sorten: Dinkel, Emmer und Einkorn. Geeignet f\u00fcr Menschen die gesunde Ern\u00e4hrung und Allergiker.\" \/>\n<meta name=\"robots\" content=\"index, follow, max-snippet:-1, max-image-preview:large, max-video-preview:-1\" \/>\n<link rel=\"canonical\" href=\"https:\/\/www.bio-getreide-bayern.de\/shop\/produkt\/dinkel-emmer-einkorn-urgetreide-vollkornmehlset\/\" \/>\n<meta property=\"og:locale\" content=\"de_DE\" \/>\n<meta property=\"og:type\" content=\"article\" \/>\n<meta property=\"og:title\" content=\"Vollkornmehl-Set je 1kg Dinkel-Emmer-Einkorn - Biohof Rietzler\" \/>\n<meta property=\"og:description\" content=\"Dieses Set aus Ur-Getreide enth\u00e4lt die drei Sorten: Dinkel, Emmer und Einkorn. Geeignet f\u00fcr Menschen die gesunde Ern\u00e4hrung und Allergiker.\" \/>\n<meta property=\"og:url\" content=\"https:\/\/www.bio-getreide-bayern.de\/shop\/produkt\/dinkel-emmer-einkorn-urgetreide-vollkornmehlset\/\" \/>\n<meta property=\"og:site_name\" content=\"Biohof Rietzler\" \/>\n<meta property=\"article:publisher\" content=\"https:\/\/www-bio-getreide-bayern.de\" \/>\n<meta property=\"article:modified_time\" content=\"2026-01-01T17:12:51+00:00\" \/>\n<meta property=\"og:image\" content=\"https:\/\/www.bio-getreide-bayern.de\/shop\/wp-content\/uploads\/2021\/01\/Alle-Drei-Sorten-Vollkornmehl-Biohof-Rietzler-Kopie.jpg\" \/>\n\t<meta property=\"og:image:width\" content=\"1080\" \/>\n\t<meta property=\"og:image:height\" content=\"1080\" \/>\n\t<meta property=\"og:image:type\" content=\"image\/jpeg\" \/>\n<meta name=\"twitter:card\" content=\"summary_large_image\" \/>\n<meta name=\"twitter:label1\" content=\"Gesch\u00e4tzte Lesezeit\" \/>\n\t<meta name=\"twitter:data1\" content=\"2\u00a0Minuten\" \/>\n<script type=\"application\/ld+json\" class=\"yoast-schema-graph\">{\"@context\":\"https:\/\/schema.org\",\"@graph\":[{\"@type\":\"WebPage\",\"@id\":\"https:\/\/www.bio-getreide-bayern.de\/shop\/produkt\/dinkel-emmer-einkorn-urgetreide-vollkornmehlset\/\",\"url\":\"https:\/\/www.bio-getreide-bayern.de\/shop\/produkt\/dinkel-emmer-einkorn-urgetreide-vollkornmehlset\/\",\"name\":\"Vollkornmehl-Set je 1kg Dinkel-Emmer-Einkorn - Biohof Rietzler\",\"isPartOf\":{\"@id\":\"https:\/\/www.bio-getreide-bayern.de\/shop\/#website\"},\"primaryImageOfPage\":{\"@id\":\"https:\/\/www.bio-getreide-bayern.de\/shop\/produkt\/dinkel-emmer-einkorn-urgetreide-vollkornmehlset\/#primaryimage\"},\"image\":{\"@id\":\"https:\/\/www.bio-getreide-bayern.de\/shop\/produkt\/dinkel-emmer-einkorn-urgetreide-vollkornmehlset\/#primaryimage\"},\"thumbnailUrl\":\"https:\/\/www.bio-getreide-bayern.de\/shop\/wp-content\/uploads\/2021\/01\/Alle-Drei-Sorten-Vollkornmehl-Biohof-Rietzler-Kopie.jpg\",\"datePublished\":\"2021-01-02T08:46:36+00:00\",\"dateModified\":\"2026-01-01T17:12:51+00:00\",\"description\":\"Dieses Set aus Ur-Getreide enth\u00e4lt die drei Sorten: Dinkel, Emmer und Einkorn. Geeignet f\u00fcr Menschen die gesunde Ern\u00e4hrung und Allergiker.\",\"breadcrumb\":{\"@id\":\"https:\/\/www.bio-getreide-bayern.de\/shop\/produkt\/dinkel-emmer-einkorn-urgetreide-vollkornmehlset\/#breadcrumb\"},\"inLanguage\":\"de\",\"potentialAction\":[{\"@type\":\"ReadAction\",\"target\":[\"https:\/\/www.bio-getreide-bayern.de\/shop\/produkt\/dinkel-emmer-einkorn-urgetreide-vollkornmehlset\/\"]}]},{\"@type\":\"ImageObject\",\"inLanguage\":\"de\",\"@id\":\"https:\/\/www.bio-getreide-bayern.de\/shop\/produkt\/dinkel-emmer-einkorn-urgetreide-vollkornmehlset\/#primaryimage\",\"url\":\"https:\/\/www.bio-getreide-bayern.de\/shop\/wp-content\/uploads\/2021\/01\/Alle-Drei-Sorten-Vollkornmehl-Biohof-Rietzler-Kopie.jpg\",\"contentUrl\":\"https:\/\/www.bio-getreide-bayern.de\/shop\/wp-content\/uploads\/2021\/01\/Alle-Drei-Sorten-Vollkornmehl-Biohof-Rietzler-Kopie.jpg\",\"width\":1080,\"height\":1080,\"caption\":\"Alle Drei Sorten Vollkornmehl Biohof Rietzler\"},{\"@type\":\"BreadcrumbList\",\"@id\":\"https:\/\/www.bio-getreide-bayern.de\/shop\/produkt\/dinkel-emmer-einkorn-urgetreide-vollkornmehlset\/#breadcrumb\",\"itemListElement\":[{\"@type\":\"ListItem\",\"position\":1,\"name\":\"Startseite\",\"item\":\"https:\/\/www.bio-getreide-bayern.de\/shop\/\"},{\"@type\":\"ListItem\",\"position\":2,\"name\":\"Shop\",\"item\":\"https:\/\/www.bio-getreide-bayern.de\/shop\/shop\/\"},{\"@type\":\"ListItem\",\"position\":3,\"name\":\"Vollkornmehl-Set je 1kg Dinkel-Emmer-Einkorn\"}]},{\"@type\":\"WebSite\",\"@id\":\"https:\/\/www.bio-getreide-bayern.de\/shop\/#website\",\"url\":\"https:\/\/www.bio-getreide-bayern.de\/shop\/\",\"name\":\"www.bio-getreide-bayern.de\",\"description\":\"GETREIDE &amp; KARTOFFELN AUS BAYERN\",\"publisher\":{\"@id\":\"https:\/\/www.bio-getreide-bayern.de\/shop\/#organization\"},\"potentialAction\":[{\"@type\":\"SearchAction\",\"target\":{\"@type\":\"EntryPoint\",\"urlTemplate\":\"https:\/\/www.bio-getreide-bayern.de\/shop\/?s={search_term_string}\"},\"query-input\":{\"@type\":\"PropertyValueSpecification\",\"valueRequired\":true,\"valueName\":\"search_term_string\"}}],\"inLanguage\":\"de\"},{\"@type\":\"Organization\",\"@id\":\"https:\/\/www.bio-getreide-bayern.de\/shop\/#organization\",\"name\":\"Biohof Rietzler\",\"url\":\"https:\/\/www.bio-getreide-bayern.de\/shop\/\",\"logo\":{\"@type\":\"ImageObject\",\"inLanguage\":\"de\",\"@id\":\"https:\/\/www.bio-getreide-bayern.de\/shop\/#\/schema\/logo\/image\/\",\"url\":\"https:\/\/www.bio-getreide-bayern.de\/shop\/wp-content\/uploads\/2020\/12\/Biohof-Rietzler-Getreide-und-Kartoffeln-Wappen-Favicon-150x150-1.png\",\"contentUrl\":\"https:\/\/www.bio-getreide-bayern.de\/shop\/wp-content\/uploads\/2020\/12\/Biohof-Rietzler-Getreide-und-Kartoffeln-Wappen-Favicon-150x150-1.png\",\"width\":150,\"height\":150,\"caption\":\"Biohof Rietzler\"},\"image\":{\"@id\":\"https:\/\/www.bio-getreide-bayern.de\/shop\/#\/schema\/logo\/image\/\"},\"sameAs\":[\"https:\/\/www-bio-getreide-bayern.de\",\"https:\/\/www.bio-getreide-bayern.de\"]}]}<\/script>\n<!-- \/ Yoast SEO plugin. -->","yoast_head_json":{"title":"Vollkornmehl-Set je 1kg Dinkel-Emmer-Einkorn - Biohof Rietzler","description":"Dieses Set aus Ur-Getreide enth\u00e4lt die drei Sorten: Dinkel, Emmer und Einkorn. Geeignet f\u00fcr Menschen die gesunde Ern\u00e4hrung und Allergiker.","robots":{"index":"index","follow":"follow","max-snippet":"max-snippet:-1","max-image-preview":"max-image-preview:large","max-video-preview":"max-video-preview:-1"},"canonical":"https:\/\/www.bio-getreide-bayern.de\/shop\/produkt\/dinkel-emmer-einkorn-urgetreide-vollkornmehlset\/","og_locale":"de_DE","og_type":"article","og_title":"Vollkornmehl-Set je 1kg Dinkel-Emmer-Einkorn - Biohof Rietzler","og_description":"Dieses Set aus Ur-Getreide enth\u00e4lt die drei Sorten: Dinkel, Emmer und Einkorn. Geeignet f\u00fcr Menschen die gesunde Ern\u00e4hrung und Allergiker.","og_url":"https:\/\/www.bio-getreide-bayern.de\/shop\/produkt\/dinkel-emmer-einkorn-urgetreide-vollkornmehlset\/","og_site_name":"Biohof Rietzler","article_publisher":"https:\/\/www-bio-getreide-bayern.de","article_modified_time":"2026-01-01T17:12:51+00:00","og_image":[{"width":1080,"height":1080,"url":"https:\/\/www.bio-getreide-bayern.de\/shop\/wp-content\/uploads\/2021\/01\/Alle-Drei-Sorten-Vollkornmehl-Biohof-Rietzler-Kopie.jpg","type":"image\/jpeg"}],"twitter_card":"summary_large_image","twitter_misc":{"Gesch\u00e4tzte Lesezeit":"2\u00a0Minuten"},"schema":{"@context":"https:\/\/schema.org","@graph":[{"@type":"WebPage","@id":"https:\/\/www.bio-getreide-bayern.de\/shop\/produkt\/dinkel-emmer-einkorn-urgetreide-vollkornmehlset\/","url":"https:\/\/www.bio-getreide-bayern.de\/shop\/produkt\/dinkel-emmer-einkorn-urgetreide-vollkornmehlset\/","name":"Vollkornmehl-Set je 1kg Dinkel-Emmer-Einkorn - Biohof Rietzler","isPartOf":{"@id":"https:\/\/www.bio-getreide-bayern.de\/shop\/#website"},"primaryImageOfPage":{"@id":"https:\/\/www.bio-getreide-bayern.de\/shop\/produkt\/dinkel-emmer-einkorn-urgetreide-vollkornmehlset\/#primaryimage"},"image":{"@id":"https:\/\/www.bio-getreide-bayern.de\/shop\/produkt\/dinkel-emmer-einkorn-urgetreide-vollkornmehlset\/#primaryimage"},"thumbnailUrl":"https:\/\/www.bio-getreide-bayern.de\/shop\/wp-content\/uploads\/2021\/01\/Alle-Drei-Sorten-Vollkornmehl-Biohof-Rietzler-Kopie.jpg","datePublished":"2021-01-02T08:46:36+00:00","dateModified":"2026-01-01T17:12:51+00:00","description":"Dieses Set aus Ur-Getreide enth\u00e4lt die drei Sorten: Dinkel, Emmer und Einkorn. Geeignet f\u00fcr Menschen die gesunde Ern\u00e4hrung und Allergiker.","breadcrumb":{"@id":"https:\/\/www.bio-getreide-bayern.de\/shop\/produkt\/dinkel-emmer-einkorn-urgetreide-vollkornmehlset\/#breadcrumb"},"inLanguage":"de","potentialAction":[{"@type":"ReadAction","target":["https:\/\/www.bio-getreide-bayern.de\/shop\/produkt\/dinkel-emmer-einkorn-urgetreide-vollkornmehlset\/"]}]},{"@type":"ImageObject","inLanguage":"de","@id":"https:\/\/www.bio-getreide-bayern.de\/shop\/produkt\/dinkel-emmer-einkorn-urgetreide-vollkornmehlset\/#primaryimage","url":"https:\/\/www.bio-getreide-bayern.de\/shop\/wp-content\/uploads\/2021\/01\/Alle-Drei-Sorten-Vollkornmehl-Biohof-Rietzler-Kopie.jpg","contentUrl":"https:\/\/www.bio-getreide-bayern.de\/shop\/wp-content\/uploads\/2021\/01\/Alle-Drei-Sorten-Vollkornmehl-Biohof-Rietzler-Kopie.jpg","width":1080,"height":1080,"caption":"Alle Drei Sorten Vollkornmehl Biohof Rietzler"},{"@type":"BreadcrumbList","@id":"https:\/\/www.bio-getreide-bayern.de\/shop\/produkt\/dinkel-emmer-einkorn-urgetreide-vollkornmehlset\/#breadcrumb","itemListElement":[{"@type":"ListItem","position":1,"name":"Startseite","item":"https:\/\/www.bio-getreide-bayern.de\/shop\/"},{"@type":"ListItem","position":2,"name":"Shop","item":"https:\/\/www.bio-getreide-bayern.de\/shop\/shop\/"},{"@type":"ListItem","position":3,"name":"Vollkornmehl-Set je 1kg Dinkel-Emmer-Einkorn"}]},{"@type":"WebSite","@id":"https:\/\/www.bio-getreide-bayern.de\/shop\/#website","url":"https:\/\/www.bio-getreide-bayern.de\/shop\/","name":"www.bio-getreide-bayern.de","description":"GETREIDE &amp; KARTOFFELN AUS BAYERN","publisher":{"@id":"https:\/\/www.bio-getreide-bayern.de\/shop\/#organization"},"potentialAction":[{"@type":"SearchAction","target":{"@type":"EntryPoint","urlTemplate":"https:\/\/www.bio-getreide-bayern.de\/shop\/?s={search_term_string}"},"query-input":{"@type":"PropertyValueSpecification","valueRequired":true,"valueName":"search_term_string"}}],"inLanguage":"de"},{"@type":"Organization","@id":"https:\/\/www.bio-getreide-bayern.de\/shop\/#organization","name":"Biohof Rietzler","url":"https:\/\/www.bio-getreide-bayern.de\/shop\/","logo":{"@type":"ImageObject","inLanguage":"de","@id":"https:\/\/www.bio-getreide-bayern.de\/shop\/#\/schema\/logo\/image\/","url":"https:\/\/www.bio-getreide-bayern.de\/shop\/wp-content\/uploads\/2020\/12\/Biohof-Rietzler-Getreide-und-Kartoffeln-Wappen-Favicon-150x150-1.png","contentUrl":"https:\/\/www.bio-getreide-bayern.de\/shop\/wp-content\/uploads\/2020\/12\/Biohof-Rietzler-Getreide-und-Kartoffeln-Wappen-Favicon-150x150-1.png","width":150,"height":150,"caption":"Biohof Rietzler"},"image":{"@id":"https:\/\/www.bio-getreide-bayern.de\/shop\/#\/schema\/logo\/image\/"},"sameAs":["https:\/\/www-bio-getreide-bayern.de","https:\/\/www.bio-getreide-bayern.de"]}]}},"_links":{"self":[{"href":"https:\/\/www.bio-getreide-bayern.de\/shop\/wp-json\/wp\/v2\/product\/382","targetHints":{"allow":["GET"]}}],"collection":[{"href":"https:\/\/www.bio-getreide-bayern.de\/shop\/wp-json\/wp\/v2\/product"}],"about":[{"href":"https:\/\/www.bio-getreide-bayern.de\/shop\/wp-json\/wp\/v2\/types\/product"}],"wp:featuredmedia":[{"embeddable":true,"href":"https:\/\/www.bio-getreide-bayern.de\/shop\/wp-json\/wp\/v2\/media\/1383"}],"wp:attachment":[{"href":"https:\/\/www.bio-getreide-bayern.de\/shop\/wp-json\/wp\/v2\/media?parent=382"}],"wp:term":[{"taxonomy":"product_cat","embeddable":true,"href":"https:\/\/www.bio-getreide-bayern.de\/shop\/wp-json\/wp\/v2\/product_cat?post=382"},{"taxonomy":"product_tag","embeddable":true,"href":"https:\/\/www.bio-getreide-bayern.de\/shop\/wp-json\/wp\/v2\/product_tag?post=382"}],"curies":[{"name":"wp","href":"https:\/\/api.w.org\/{rel}","templated":true}]}}